{"id":3340,"date":"2022-03-31T08:20:00","date_gmt":"2022-03-31T06:20:00","guid":{"rendered":"https:\/\/www.rivetoile.com\/de\/?page_id=3340"},"modified":"2022-04-25T13:46:06","modified_gmt":"2022-04-25T11:46:06","slug":"stellenangebote","status":"publish","type":"page","link":"https:\/\/www.rivetoile.com\/de\/stellenangebote\/","title":{"rendered":"Stellenangebote"},"content":{"rendered":"\n\n[et_pb_section][et_pb_row][et_pb_column type=&#8220;4_4&#8243;][et_pb_text]<!-- divi:image -->\n<figure class=\"wp-block-image\"><img decoding=\"async\" src=\"https:\/\/www.rivetoile.com\/de\/contentassets\/7037956586e54650b1390ff36264a080\/imagedfedl.png\" alt=\"imagedfedl.png\"\/><\/figure>\n<!-- \/divi:image -->\n\n<!-- divi:paragraph -->\n<p><em>Date de l&#8217;offre : 02\/03\/2022<\/em><\/p>\n<!-- \/divi:paragraph -->\n\n<!-- divi:paragraph -->\n<p id=\"fldjobdescription_jobtitle\"><strong>ESTHETICIEN.NES (H\/F) \/ CDI &amp; CDD 35H + Alternance<\/strong><\/p>\n<!-- \/divi:paragraph -->\n\n<!-- divi:paragraph -->\n<p>3 postes \u00e0 pourvoir de suite.<\/p>\n<!-- \/divi:paragraph -->\n\n<!-- divi:heading {\"level\":3} -->\n<h3><strong>LES MIS<\/strong><strong>SIONS<\/strong>&nbsp;<\/h3>\n<!-- \/divi:heading -->\n\n<!-- divi:paragraph -->\n<p>Vous avez toujours r\u00eav\u00e9 d&#8217;\u00eatre esth\u00e9ticien(ne) ou vous \u00eates esth\u00e9ticien(ne) ?&nbsp;Vous \u00eates manuel(le), plein(ne) d&#8217;\u00e9nergie avec un contact facile ?<\/p>\n<!-- \/divi:paragraph -->\n\n<!-- divi:paragraph -->\n<p>Nous vous proposons un job int\u00e9ressant dans un groupe s\u00e9rieux et professionnel. Vous serez accompagn\u00e9(e)s par nos encadrant dans votre formation ou votre adaptation. La r\u00e9mun\u00e9ration est int\u00e9ressante, le poste enrichissant.<\/p>\n<!-- \/divi:paragraph -->\n\n<!-- divi:paragraph -->\n<p>Primes : primes d&#8217;environ 5000 \u20ac \/an + primes d&#8217;int\u00e9ressement environ 3 600 \u20ac \/an + prime de pr\u00e9sence 720 \u20ac \/an + Ch\u00e8que culture jusqu&#8217;\u00e0 80 \u20ac (tous les 3 mois).<\/p>\n<!-- \/divi:paragraph -->\n\n<!-- divi:paragraph -->\n<p>Salaire \u00e0 partir de 1603,15\u20ac par mois.&nbsp;<\/p>\n<!-- \/divi:paragraph -->\n\n<!-- divi:heading {\"level\":3} -->\n<h3>Description du profil<\/h3>\n<!-- \/divi:heading -->\n\n<!-- divi:paragraph -->\n<p>Horaires&nbsp;:<\/p>\n<!-- \/divi:paragraph -->\n\n<!-- divi:list -->\n<ul><li>Heures suppl\u00e9mentaires<\/li><li>Travail en journ\u00e9e<\/li><\/ul>\n<!-- \/divi:list -->\n\n<!-- divi:paragraph -->\n<p>R\u00e9mun\u00e9ration suppl\u00e9mentaire&nbsp;:<\/p>\n<!-- \/divi:paragraph -->\n\n<!-- divi:list -->\n<ul><li>Heures suppl\u00e9mentaires major\u00e9es<\/li><li>Pourboires<\/li><li>Primes<\/li><li>Prime trimestrielle<\/li><\/ul>\n<!-- \/divi:list -->\n\n<!-- divi:paragraph -->\n<p>Mesures COVID-19:<br>Port du masque obligatoire<\/p>\n<!-- \/divi:paragraph -->\n\n<!-- divi:paragraph -->\n<p>Formation:<\/p>\n<!-- \/divi:paragraph -->\n\n<!-- divi:list -->\n<ul><li>CAP \/ BEP (Optionnel)<\/li><\/ul>\n<!-- \/divi:list -->\n\n<!-- divi:paragraph -->\n<p>Exp\u00e9rience:<\/p>\n<!-- \/divi:paragraph -->\n\n<!-- divi:list -->\n<ul><li>Esth\u00e9tique: 1&nbsp;an (Optionnel)<\/li><li>Institut de Beaut\u00e9: 1&nbsp;an (Optionnel)<\/li><\/ul>\n<!-- \/divi:list -->\n\n<!-- divi:paragraph -->\n<p>Pour postuler :&nbsp;<a href=\"mailto:sarlgca.bodyminute@wanadoo.fr\">sarlgca.bodyminute@wanadoo.fr<\/a><\/p>\n<!-- \/divi:paragraph -->\n\n<!-- divi:paragraph -->\n<p><\/p>\n<!-- \/divi:paragraph -->\n\n<!-- divi:paragraph -->\n<p>_______________________<\/p>\n<!-- \/divi:paragraph -->\n\n<!-- divi:image -->\n<figure class=\"wp-block-image\"><img decoding=\"async\" src=\"https:\/\/www.rivetoile.com\/de\/contentassets\/7037956586e54650b1390ff36264a080\/imagew12oe.png\" alt=\"imagew12oe.png\"\/><\/figure>\n<!-- \/divi:image -->\n\n<!-- divi:paragraph -->\n<p><em>Date de l&#8217;offre : 21\/02\/2022<\/em><\/p>\n<!-- \/divi:paragraph -->\n\n<!-- divi:paragraph -->\n<p id=\"fldjobdescription_jobtitle\"><strong>CONSEILLER DE VENTE (H\/F) \/ CDI 35H<\/strong><\/p>\n<!-- \/divi:paragraph -->\n\n<!-- divi:paragraph -->\n<p>Poste \u00e0 pourvoir de suite.<\/p>\n<!-- \/divi:paragraph -->\n\n<!-- divi:heading {\"level\":3} -->\n<h3><strong>LES MIS<\/strong><strong>SIONS<\/strong>&nbsp;<\/h3>\n<!-- \/divi:heading -->\n\n<!-- divi:paragraph -->\n<p><strong>Vous voulez relever des d\u00e9fis en \u00e9quipe, tout en vous engageant pour la vue de vos clients&nbsp;?&nbsp;<\/strong>&nbsp;Rejoignez-nous&nbsp;!<\/p>\n<!-- \/divi:paragraph -->\n\n<!-- divi:paragraph -->\n<p>Notre magasin G\u00e9n\u00e9rale d\u2019Optique de Strasbourg Rive Etoile souhaite renforcer son \u00e9quipe, d\u00e8s que possible, avec un&nbsp;<strong>opticien dipl\u00f4m\u00e9 (H\/F)&nbsp;en CDI&nbsp;\u00e0 35h<\/strong>.<\/p>\n<!-- \/divi:paragraph -->\n\n<!-- divi:heading {\"level\":3} -->\n<h3><strong>Votre quotidien<\/strong><\/h3>\n<!-- \/divi:heading -->\n\n<!-- divi:paragraph -->\n<p>En tant que&nbsp;<strong>Conseiller(\u00e8re) de vente<\/strong>&nbsp;vous \u00eates charg\u00e9.e d\u2019accueillir, d\u2019accompagner et d\u2019apporter un v\u00e9ritable conseil de qualit\u00e9 \u00e0 notre client\u00e8le compos\u00e9e tant de particuliers que de professionnels tout en participant aux t\u00e2ches courantes du magasin.&nbsp;<\/p>\n<!-- \/divi:paragraph -->\n\n<!-- divi:paragraph -->\n<p><strong>En plus de vos t\u00e2ches courantes, notre management responsabilisant vous permet de :<\/strong><\/p>\n<!-- \/divi:paragraph -->\n\n<!-- divi:list -->\n<ul><li>Avoir une libert\u00e9 d\u2019action sur la satisfaction client (remboursement, \u00e9change, remise, etc.)<\/li><li>Suivre vos stocks, v\u00e9rifier vos ruptures et trouver des solutions<\/li><li>Proposer l\u2019implantation de nouvelles r\u00e9f\u00e9rences<\/li><li>Retravailler le plan merchandising d\u2019une ou plusieurs gammes<\/li><li>Organiser un plan de prospection client et le mettre en application<\/li><li>Mener des projets annexes avec le r\u00e9seau et\/ou le si\u00e8ge social<\/li><\/ul>\n<!-- \/divi:list -->\n\n<!-- divi:heading {\"level\":3} -->\n<h3><strong>Int\u00e9gration et formation :<\/strong><\/h3>\n<!-- \/divi:heading -->\n\n<!-- divi:paragraph -->\n<p>Votre Coach Bleu Libellule vous int\u00e8gre dans son point de vente (dur\u00e9e et lieu \u00e0 d\u00e9finir). Vous \u00eates form\u00e9(e) \u00e0 la colorim\u00e9trie, nos produits, nos syst\u00e8mes de fid\u00e9lit\u00e9, nos techniques de vente et \u00e0 tous nos process de gestion (caisse, livraisons, stocks, etc.). Vous avez \u00e9galement un acc\u00e8s illimit\u00e9 \u00e0 notre plateforme e-learning.<\/p>\n<!-- \/divi:paragraph -->\n\n<!-- divi:heading {\"level\":3} -->\n<h3>Description du profil<\/h3>\n<!-- \/divi:heading -->\n\n<!-- divi:paragraph -->\n<p>Pour vous \u00e9panouir chez Bleu Libellule, vous devez \u00eatre passionn\u00e9(e) par le monde de la coiffure et de la beaut\u00e9 en g\u00e9n\u00e9ral.<\/p>\n<!-- \/divi:paragraph -->\n\n<!-- divi:paragraph -->\n<p>De formation Vente\/Commerce, vous \u00eates pr\u00eat(e) \u00e0 vous investir dans un nouvel univers.<\/p>\n<!-- \/divi:paragraph -->\n\n<!-- divi:paragraph -->\n<p id=\"fldjobdescription_description2\">Bleu Libellule de Rivetoile est pr\u00eate \u00e0 vous accueillir ! Cliquez ici pour&nbsp;<a href=\"https:\/\/carriere.bleulibellule.com\/jobs?where=Strasbourg%20(67)#job-offer-21160322\">postuler en ligne<\/a>.&nbsp;<\/p>\n<!-- \/divi:paragraph -->\n\n<!-- divi:paragraph -->\n<p><\/p>\n<!-- \/divi:paragraph -->\n\n<!-- divi:paragraph -->\n<p>___________________________________________________<\/p>\n<!-- \/divi:paragraph -->\n\n<!-- divi:heading {\"level\":3} -->\n<h3><img loading=\"lazy\" decoding=\"async\" src=\"https:\/\/www.rivetoile.com\/de\/globalassets\/logos-fr\/generale-d_optique.png\" alt=\"Logo caviste couleurs.PNG\" width=\"119\" height=\"119\"><\/h3>\n<!-- \/divi:heading -->\n\n<!-- divi:paragraph -->\n<p><em>Date de l&#8217;offre : 11\/01\/2022<\/em><\/p>\n<!-- \/divi:paragraph -->\n\n<!-- divi:paragraph -->\n<p id=\"fldjobdescription_jobtitle\"><strong>OPTICIEN-LUNETIER (H\/F) \/ CDI 35H Temps plein<\/strong><\/p>\n<!-- \/divi:paragraph -->\n\n<!-- divi:paragraph -->\n<p>Poste \u00e0 pourvoir de suite.<\/p>\n<!-- \/divi:paragraph -->\n\n<!-- divi:paragraph -->\n<p><strong>LES MIS<\/strong><\/p>\n<!-- \/divi:paragraph -->\n\n<!-- divi:paragraph -->\n<p><strong>SIONS<\/strong>&nbsp;<\/p>\n<!-- \/divi:paragraph -->\n\n<!-- divi:paragraph -->\n<p><strong>Vous voulez relever des d\u00e9fis en \u00e9quipe, tout en vous engageant pour la vue de vos clients&nbsp;?&nbsp;<\/strong>&nbsp;Rejoignez-nous&nbsp;!<\/p>\n<!-- \/divi:paragraph -->\n\n<!-- divi:paragraph -->\n<p>Notre magasin G\u00e9n\u00e9rale d\u2019Optique de Strasbourg Rive Etoile souhaite renforcer son \u00e9quipe, d\u00e8s que possible, avec un&nbsp;<strong>opticien dipl\u00f4m\u00e9 (H\/F)&nbsp;en CDI&nbsp;\u00e0 35h<\/strong>.<\/p>\n<!-- \/divi:paragraph -->\n\n<!-- divi:paragraph -->\n<p><strong>Votre quotidien<\/strong><\/p>\n<!-- \/divi:paragraph -->\n\n<!-- divi:paragraph -->\n<p>Parce que chez G\u00e9n\u00e9rale d\u2019Optique nous avons \u00e0 c\u0153ur de favoriser&nbsp;votre&nbsp;<strong>\u00e9quilibre vie professionnelle vie personnelle<\/strong>, vous travaillerez&nbsp;sur&nbsp;<strong>4 jours<\/strong>,<strong>&nbsp;au moins la moiti\u00e9 de l&#8217;ann\u00e9e<\/strong>. Votre quotidien en tant qu\u2019opticien dans le magasin sera&nbsp;<strong>tr\u00e8s polyvalent<\/strong>&nbsp;:<\/p>\n<!-- \/divi:paragraph -->\n\n<!-- divi:paragraph -->\n<p>Vous b\u00e9n\u00e9ficierez d\u2019un&nbsp;<strong>parcours d\u2019int\u00e9gration<\/strong>, d&#8217;un&nbsp;<strong>accompagnement personnalis\u00e9<\/strong>,&nbsp;avec un parrain d\u00e9di\u00e9, et de&nbsp;<strong>formations&nbsp;<\/strong>tout au long de votre parcours. Vous pourrez b\u00e9n\u00e9ficier de&nbsp;r\u00e9elles possibilit\u00e9s d\u2019<strong>\u00e9volution<\/strong>&nbsp;<strong>selon votre projet<\/strong>&nbsp;: devenir expert optique ou manager, ouvrir votre franchise ou \u00e9voluer vers les m\u00e9tiers du si\u00e8ge.<\/p>\n<!-- \/divi:paragraph -->\n\n<!-- divi:paragraph -->\n<p>Votre r\u00e9mun\u00e9ration sera constitu\u00e9e&nbsp;d\u2019un&nbsp;<strong>fixe<\/strong>, selon votre exp\u00e9rience, et d\u2019une partie&nbsp;<strong>variable repr\u00e9sentant environ&nbsp;15% du fixe annuel<\/strong>.<\/p>\n<!-- \/divi:paragraph -->\n\n<!-- divi:paragraph -->\n<p>Parmi vos avantages&nbsp;: tickets restaurants, mutuelle, remboursement transport \u2026<\/p>\n<!-- \/divi:paragraph -->\n\n<!-- divi:paragraph -->\n<p><strong>Des questions&nbsp;?&nbsp;<\/strong>N\u2019h\u00e9sitez pas \u00e0 nous rendre visite en magasin ou sur&nbsp;<a href=\"https:\/\/carrieres.grandvisionfrance-recrute.fr\/fr\/annonce\/1295087-opticien-lunetier-hf-strasbourg-67100-strasbourg\">cette page !<\/a><\/p>\n<!-- \/divi:paragraph -->\n\n<!-- divi:paragraph -->\n<p><strong>VOTRE PROFIL<\/strong><\/p>\n<!-- \/divi:paragraph -->\n\n<!-- divi:list -->\n<ul><li>Opticien dipl\u00f4m\u00e9 d&#8217;un BTS opticien-lunetier<\/li><li>Avec ou sans exp\u00e9rience<\/li><li>Solidaire, dynamique et curieux(se)<\/li><li>Disposant du pass sanitaire, conform\u00e9ment \u00e0 la l\u00e9gislation relative aux professionnels de sant\u00e9<\/li><\/ul>\n<!-- \/divi:list -->\n\n<!-- divi:paragraph -->\n<p id=\"fldjobdescription_description2\">La G\u00e9n\u00e9rale d&#8217;Optique de Rivetoile est pr\u00eate \u00e0 vous accueillir ! Cliquez ici pour&nbsp;<a href=\"https:\/\/carrieres.grandvisionfrance-recrute.fr\/fr\/annonce\/1295087-opticien-lunetier-hf-strasbourg-67100-strasbourg\">postuler en ligne<\/a>.&nbsp; &nbsp;<\/p>\n<!-- \/divi:paragraph -->\n\n<!-- divi:paragraph -->\n<p><\/p>\n<!-- \/divi:paragraph -->\n\n<!-- divi:paragraph -->\n<p>___________________<\/p>\n<!-- \/divi:paragraph -->\n\n<!-- divi:heading {\"level\":3} -->\n<h3><strong><\/strong><\/h3>\n<!-- \/divi:heading -->\n\n<!-- divi:paragraph -->\n<p id=\"fldjobdescription_jobtitle\"><strong>HOTESSE DE VENTE (H\/F) \/ CDD \/ Temps partiel&nbsp;<\/strong><\/p>\n<!-- \/divi:paragraph -->\n\n<!-- divi:paragraph -->\n<p>&nbsp;Contrat de 15h pouvant \u00e9voluer vers un 24h.&nbsp; &nbsp;<\/p>\n<!-- \/divi:paragraph -->\n\n<!-- divi:paragraph -->\n<p><strong>LES MISSIONS<\/strong>&nbsp;<\/p>\n<!-- \/divi:paragraph -->\n\n<!-- divi:list -->\n<ul><li>Accueil et conseil&nbsp;&nbsp;&nbsp;<\/li><li>Encaissement<\/li><li>R\u00e9ception et rangement de la marchandise<\/li><\/ul>\n<!-- \/divi:list -->\n\n<!-- divi:paragraph -->\n<p><strong>VOTRE PROFIL<\/strong><\/p>\n<!-- \/divi:paragraph -->\n\n<!-- divi:list -->\n<ul><li>Vous avez un bon relationnel&nbsp;<\/li><li>Vous \u00eates dynamique, organis\u00e9(e) et mobile&nbsp;<\/li><li>Vous aimez travailler en \u00e9quipe&nbsp;<\/li><\/ul>\n<!-- \/divi:list -->\n\n<!-- divi:paragraph -->\n<p id=\"fldjobdescription_description2\">D\u00e9posez votre candidature (CV + lettre de motivation) directement en boutique en ETAM Lingerie de Rivetoile.&nbsp;<\/p>\n<!-- \/divi:paragraph -->\n\n<!-- divi:paragraph -->\n<p><\/p>\n<!-- \/divi:paragraph -->\n\n[\/et_pb_text][\/et_pb_column][\/et_pb_row][\/et_pb_section]\n\n","protected":false},"excerpt":{"rendered":"<p><div class=\"et_pb_section et_pb_section_0 et_section_regular\" >\n\t\t\t\t\n\t\t\t\t\n\t\t\t\t\n\t\t\t\t\n\t\t\t\t\n\t\t\t\t\n\t\t\t\t\n\t\t\t\t\n\t\t\t\t\n\t\t\t<\/div><div class=\"et_pb_row et_pb_row_0 et_pb_row_empty\">\n\t\t\t\t\n\t\t\t\t\n\t\t\t\t\n\t\t\t\t\n\t\t\t\t\n\t\t\t<\/div><div class=\"et_pb_module et_pb_text et_pb_text_0  et_pb_text_align_left et_pb_bg_layout_light\">\n\t\t\t\t\n\t\t\t\t\n\t\t\t\t\n\t\t\t\t\n\t\t\t\t\n\t\t\t<\/div> Date de l&#8217;offre : 02\/03\/2022 ESTHETICIEN.NES (H\/F) \/ CDI &amp; CDD 35H + Alternance 3 postes \u00e0 pourvoir de suite. LES MISSIONS&nbsp; Vous avez toujours r\u00eav\u00e9 d&#8217;\u00eatre esth\u00e9ticien(ne) ou vous \u00eates esth\u00e9ticien(ne) ?&nbsp;Vous \u00eates manuel(le), plein(ne) d&#8217;\u00e9nergie avec un contact facile ? Nous vous proposons un job int\u00e9ressant dans un groupe s\u00e9rieux et professionnel. [&hellip;]<\/p>\n","protected":false},"author":13,"featured_media":0,"parent":0,"menu_order":0,"comment_status":"closed","ping_status":"closed","template":"","meta":{"_et_pb_use_builder":"on","_et_pb_old_content":"","_et_gb_content_width":"","footnotes":""},"class_list":["post-3340","page","type-page","status-publish","hentry"],"yoast_head":"<!-- This site is optimized with the Yoast SEO plugin v25.3 - https:\/\/yoast.com\/wordpress\/plugins\/seo\/ -->\n<title>Stellenangebote - Rivetoile<\/title>\n<meta name=\"robots\" content=\"index, follow, max-snippet:-1, max-image-preview:large, max-video-preview:-1\" \/>\n<link rel=\"canonical\" href=\"https:\/\/www.rivetoile.com\/de\/stellenangebote\/\" \/>\n<meta property=\"og:locale\" content=\"de_DE\" \/>\n<meta property=\"og:type\" content=\"article\" \/>\n<meta property=\"og:title\" content=\"Stellenangebote - Rivetoile\" \/>\n<meta property=\"og:description\" content=\"Date de l&#039;offre : 02\/03\/2022 ESTHETICIEN.NES (H\/F) \/ CDI &amp; CDD 35H + Alternance 3 postes \u00e0 pourvoir de suite. LES MISSIONS&nbsp; Vous avez toujours r\u00eav\u00e9 d&#039;\u00eatre esth\u00e9ticien(ne) ou vous \u00eates esth\u00e9ticien(ne) ?&nbsp;Vous \u00eates manuel(le), plein(ne) d&#039;\u00e9nergie avec un contact facile ? Nous vous proposons un job int\u00e9ressant dans un groupe s\u00e9rieux et professionnel. [&hellip;]\" \/>\n<meta property=\"og:url\" content=\"https:\/\/www.rivetoile.com\/de\/stellenangebote\/\" \/>\n<meta property=\"og:site_name\" content=\"Rivetoile\" \/>\n<meta property=\"article:modified_time\" content=\"2022-04-25T11:46:06+00:00\" \/>\n<meta property=\"og:image\" content=\"https:\/\/www.rivetoile.com\/de\/contentassets\/7037956586e54650b1390ff36264a080\/imagedfedl.png\" \/>\n<meta name=\"twitter:card\" content=\"summary_large_image\" \/>\n<meta name=\"twitter:label1\" content=\"Gesch\u00e4tzte Lesezeit\" \/>\n\t<meta name=\"twitter:data1\" content=\"5\u00a0Minuten\" \/>\n<script type=\"application\/ld+json\" class=\"yoast-schema-graph\">{\"@context\":\"https:\/\/schema.org\",\"@graph\":[{\"@type\":\"WebPage\",\"@id\":\"https:\/\/www.rivetoile.com\/de\/stellenangebote\/\",\"url\":\"https:\/\/www.rivetoile.com\/de\/stellenangebote\/\",\"name\":\"Stellenangebote - Rivetoile\",\"isPartOf\":{\"@id\":\"https:\/\/www.rivetoile.com\/de\/#website\"},\"primaryImageOfPage\":{\"@id\":\"https:\/\/www.rivetoile.com\/de\/stellenangebote\/#primaryimage\"},\"image\":{\"@id\":\"https:\/\/www.rivetoile.com\/de\/stellenangebote\/#primaryimage\"},\"thumbnailUrl\":\"https:\/\/www.rivetoile.com\/de\/contentassets\/7037956586e54650b1390ff36264a080\/imagedfedl.png\",\"datePublished\":\"2022-03-31T06:20:00+00:00\",\"dateModified\":\"2022-04-25T11:46:06+00:00\",\"breadcrumb\":{\"@id\":\"https:\/\/www.rivetoile.com\/de\/stellenangebote\/#breadcrumb\"},\"inLanguage\":\"de\",\"potentialAction\":[{\"@type\":\"ReadAction\",\"target\":[\"https:\/\/www.rivetoile.com\/de\/stellenangebote\/\"]}]},{\"@type\":\"ImageObject\",\"inLanguage\":\"de\",\"@id\":\"https:\/\/www.rivetoile.com\/de\/stellenangebote\/#primaryimage\",\"url\":\"https:\/\/www.rivetoile.com\/de\/contentassets\/7037956586e54650b1390ff36264a080\/imagedfedl.png\",\"contentUrl\":\"https:\/\/www.rivetoile.com\/de\/contentassets\/7037956586e54650b1390ff36264a080\/imagedfedl.png\"},{\"@type\":\"BreadcrumbList\",\"@id\":\"https:\/\/www.rivetoile.com\/de\/stellenangebote\/#breadcrumb\",\"itemListElement\":[{\"@type\":\"ListItem\",\"position\":1,\"name\":\"Accueil\",\"item\":\"https:\/\/www.rivetoile.com\/de\/\"},{\"@type\":\"ListItem\",\"position\":2,\"name\":\"Stellenangebote\"}]},{\"@type\":\"WebSite\",\"@id\":\"https:\/\/www.rivetoile.com\/de\/#website\",\"url\":\"https:\/\/www.rivetoile.com\/de\/\",\"name\":\"Rivetoile\",\"description\":\"\",\"potentialAction\":[{\"@type\":\"SearchAction\",\"target\":{\"@type\":\"EntryPoint\",\"urlTemplate\":\"https:\/\/www.rivetoile.com\/de\/?s={search_term_string}\"},\"query-input\":{\"@type\":\"PropertyValueSpecification\",\"valueRequired\":true,\"valueName\":\"search_term_string\"}}],\"inLanguage\":\"de\"}]}<\/script>\n<!-- \/ Yoast SEO plugin. -->","yoast_head_json":{"title":"Stellenangebote - Rivetoile","robots":{"index":"index","follow":"follow","max-snippet":"max-snippet:-1","max-image-preview":"max-image-preview:large","max-video-preview":"max-video-preview:-1"},"canonical":"https:\/\/www.rivetoile.com\/de\/stellenangebote\/","og_locale":"de_DE","og_type":"article","og_title":"Stellenangebote - Rivetoile","og_description":"Date de l'offre : 02\/03\/2022 ESTHETICIEN.NES (H\/F) \/ CDI &amp; CDD 35H + Alternance 3 postes \u00e0 pourvoir de suite. LES MISSIONS&nbsp; Vous avez toujours r\u00eav\u00e9 d'\u00eatre esth\u00e9ticien(ne) ou vous \u00eates esth\u00e9ticien(ne) ?&nbsp;Vous \u00eates manuel(le), plein(ne) d'\u00e9nergie avec un contact facile ? Nous vous proposons un job int\u00e9ressant dans un groupe s\u00e9rieux et professionnel. [&hellip;]","og_url":"https:\/\/www.rivetoile.com\/de\/stellenangebote\/","og_site_name":"Rivetoile","article_modified_time":"2022-04-25T11:46:06+00:00","og_image":[{"url":"https:\/\/www.rivetoile.com\/de\/contentassets\/7037956586e54650b1390ff36264a080\/imagedfedl.png","type":"","width":"","height":""}],"twitter_card":"summary_large_image","twitter_misc":{"Gesch\u00e4tzte Lesezeit":"5\u00a0Minuten"},"schema":{"@context":"https:\/\/schema.org","@graph":[{"@type":"WebPage","@id":"https:\/\/www.rivetoile.com\/de\/stellenangebote\/","url":"https:\/\/www.rivetoile.com\/de\/stellenangebote\/","name":"Stellenangebote - Rivetoile","isPartOf":{"@id":"https:\/\/www.rivetoile.com\/de\/#website"},"primaryImageOfPage":{"@id":"https:\/\/www.rivetoile.com\/de\/stellenangebote\/#primaryimage"},"image":{"@id":"https:\/\/www.rivetoile.com\/de\/stellenangebote\/#primaryimage"},"thumbnailUrl":"https:\/\/www.rivetoile.com\/de\/contentassets\/7037956586e54650b1390ff36264a080\/imagedfedl.png","datePublished":"2022-03-31T06:20:00+00:00","dateModified":"2022-04-25T11:46:06+00:00","breadcrumb":{"@id":"https:\/\/www.rivetoile.com\/de\/stellenangebote\/#breadcrumb"},"inLanguage":"de","potentialAction":[{"@type":"ReadAction","target":["https:\/\/www.rivetoile.com\/de\/stellenangebote\/"]}]},{"@type":"ImageObject","inLanguage":"de","@id":"https:\/\/www.rivetoile.com\/de\/stellenangebote\/#primaryimage","url":"https:\/\/www.rivetoile.com\/de\/contentassets\/7037956586e54650b1390ff36264a080\/imagedfedl.png","contentUrl":"https:\/\/www.rivetoile.com\/de\/contentassets\/7037956586e54650b1390ff36264a080\/imagedfedl.png"},{"@type":"BreadcrumbList","@id":"https:\/\/www.rivetoile.com\/de\/stellenangebote\/#breadcrumb","itemListElement":[{"@type":"ListItem","position":1,"name":"Accueil","item":"https:\/\/www.rivetoile.com\/de\/"},{"@type":"ListItem","position":2,"name":"Stellenangebote"}]},{"@type":"WebSite","@id":"https:\/\/www.rivetoile.com\/de\/#website","url":"https:\/\/www.rivetoile.com\/de\/","name":"Rivetoile","description":"","potentialAction":[{"@type":"SearchAction","target":{"@type":"EntryPoint","urlTemplate":"https:\/\/www.rivetoile.com\/de\/?s={search_term_string}"},"query-input":{"@type":"PropertyValueSpecification","valueRequired":true,"valueName":"search_term_string"}}],"inLanguage":"de"}]}},"_links":{"self":[{"href":"https:\/\/www.rivetoile.com\/de\/wp-json\/wp\/v2\/pages\/3340","targetHints":{"allow":["GET"]}}],"collection":[{"href":"https:\/\/www.rivetoile.com\/de\/wp-json\/wp\/v2\/pages"}],"about":[{"href":"https:\/\/www.rivetoile.com\/de\/wp-json\/wp\/v2\/types\/page"}],"author":[{"embeddable":true,"href":"https:\/\/www.rivetoile.com\/de\/wp-json\/wp\/v2\/users\/13"}],"replies":[{"embeddable":true,"href":"https:\/\/www.rivetoile.com\/de\/wp-json\/wp\/v2\/comments?post=3340"}],"version-history":[{"count":5,"href":"https:\/\/www.rivetoile.com\/de\/wp-json\/wp\/v2\/pages\/3340\/revisions"}],"predecessor-version":[{"id":4728,"href":"https:\/\/www.rivetoile.com\/de\/wp-json\/wp\/v2\/pages\/3340\/revisions\/4728"}],"wp:attachment":[{"href":"https:\/\/www.rivetoile.com\/de\/wp-json\/wp\/v2\/media?parent=3340"}],"curies":[{"name":"wp","href":"https:\/\/api.w.org\/{rel}","templated":true}]}}